{"id":38,"date":"2019-11-21T00:22:39","date_gmt":"2019-11-20T23:22:39","guid":{"rendered":"https:\/\/www.cafe248.de\/?page_id=38"},"modified":"2026-03-05T22:31:59","modified_gmt":"2026-03-05T21:31:59","slug":"neuigkeiten","status":"publish","type":"page","link":"https:\/\/www.cafe248.de\/","title":{"rendered":"Neuigkeiten"},"content":{"rendered":"\n<p class=\"has-large-font-size\"><strong>Tanz in den Mai<\/strong><\/p>\n\n\n\n<p><strong>Der Mai kommt \u2013 und wir tanzen ihm entgegen! Am 30. April steigt im Caf\u00e9 248 unser beliebter \u201eTanz in den Mai\u201c. Erst lecker essen, dann gemeinsam feiern \u2013 genau so, wie es sein soll.<br>Start 19 Uhr \u2013 Essen 20 Uhr \u2013 27 \u20ac inkl. Essen<br>Karten gibt\u2019s nur im Vorverkauf: SZ 24844 \/ 25795. Sei dabei und feiere mit uns in den Fr\u00fchling!<\/strong><\/p>\n\n\n\n<figure class=\"wp-block-image size-large is-resized\"><img loading=\"lazy\" decoding=\"async\" width=\"724\" height=\"1024\" src=\"https:\/\/www.cafe248.de\/wp-content\/uploads\/2019\/11\/Maitanz-2026-724x1024.jpg\" alt=\"\" class=\"wp-image-775\" style=\"width:380px\" srcset=\"https:\/\/www.cafe248.de\/wp-content\/uploads\/2019\/11\/Maitanz-2026-724x1024.jpg 724w, https:\/\/www.cafe248.de\/wp-content\/uploads\/2019\/11\/Maitanz-2026-212x300.jpg 212w, https:\/\/www.cafe248.de\/wp-content\/uploads\/2019\/11\/Maitanz-2026-768x1086.jpg 768w, https:\/\/www.cafe248.de\/wp-content\/uploads\/2019\/11\/Maitanz-2026-1086x1536.jpg 1086w, https:\/\/www.cafe248.de\/wp-content\/uploads\/2019\/11\/Maitanz-2026.jpg 1240w\" sizes=\"auto, (max-width: 724px) 100vw, 724px\" \/><\/figure>\n\n\n\n<hr class=\"wp-block-separator has-alpha-channel-opacity\"\/>\n\n\n\n<p class=\"has-large-font-size\"><strong>Braunkohlessen<\/strong><\/p>\n\n\n\n<p class=\"has-medium-font-size\"><strong>Gemeinsam genie\u00dfen \u2013 Braunkohlessen &#8222;satt&#8220; im Caf\u00e9 248<br>Ob mit Familie, Freunden oder Kollegen: Am 31. Januar ab 11 Uhr laden wir zum Braunkohlessen \u201esatt\u201c ein.<br>22\u202f\u20ac pro Person, nur mit Anmeldung.<br>\ud83d\udcde Jetzt reservieren: 25795 oder 24844<br>\ud83d\udccd Caf\u00e9 248 \u2013 Salzgitter Immendorf<\/strong><\/p>\n\n\n\n<figure class=\"wp-block-image size-full is-resized\"><img loading=\"lazy\" decoding=\"async\" width=\"620\" height=\"874\" src=\"https:\/\/www.cafe248.de\/wp-content\/uploads\/2026\/01\/Braunkohl-2026.jpg\" alt=\"\" class=\"wp-image-772\" style=\"aspect-ratio:0.7093753027205674;width:378px;height:auto\" srcset=\"https:\/\/www.cafe248.de\/wp-content\/uploads\/2026\/01\/Braunkohl-2026.jpg 620w, https:\/\/www.cafe248.de\/wp-content\/uploads\/2026\/01\/Braunkohl-2026-213x300.jpg 213w\" sizes=\"auto, (max-width: 620px) 100vw, 620px\" \/><\/figure>\n\n\n\n<hr class=\"wp-block-separator has-alpha-channel-opacity is-style-wide\"\/>\n\n\n\n<p class=\"has-large-font-size\"><strong>Wir laden euch wieder ein zur<\/strong><\/p>\n\n\n\n<p class=\"has-medium-font-size\"><strong>70er &amp; 80er Party Vol.4 \u2013 Ein Kessel Buntes. Tauche ein in die glitzernde Welt der Disco-Kugeln, Schlaghosen und Synthie-Beats! Caf\u00e9 248 l\u00e4dt dich ein zur ultimativen Zeitreise: 70er &amp; 80er Party Vol.4 \u2013 Ein Kessel Buntes!<\/strong><\/p>\n\n\n\n<p class=\"has-medium-font-size\"><strong><img loading=\"lazy\" decoding=\"async\" height=\"16\" width=\"16\" src=\"https:\/\/static.xx.fbcdn.net\/images\/emoji.php\/v9\/t97\/1\/16\/1f57a.png\" alt=\"\ud83d\udd7a\"> Wann? Samstag, 07. M\u00e4rz<\/strong><\/p>\n\n\n\n<p class=\"has-medium-font-size\"><strong><img loading=\"lazy\" decoding=\"async\" height=\"16\" width=\"16\" src=\"https:\/\/static.xx.fbcdn.net\/images\/emoji.php\/v9\/t2f\/1\/16\/1f557.png\" alt=\"\ud83d\udd57\"> Einlass: ab 20:00 Uhr<\/strong><\/p>\n\n\n\n<p class=\"has-medium-font-size\"><strong><img loading=\"lazy\" decoding=\"async\" height=\"16\" width=\"16\" src=\"https:\/\/static.xx.fbcdn.net\/images\/emoji.php\/v9\/td8\/1\/16\/1f39f.png\" alt=\"\ud83c\udf9f\ufe0f\"> Eintritt: 12 Euro \u2013 nur im Vorverkauf<\/strong><\/p>\n\n\n\n<p class=\"has-medium-font-size\"><strong><img loading=\"lazy\" decoding=\"async\" height=\"16\" width=\"16\" src=\"https:\/\/static.xx.fbcdn.net\/images\/emoji.php\/v9\/t4d\/1\/16\/1f4de.png\" alt=\"\ud83d\udcde\"> Tickets sichern: 05341 \/ 24844<\/strong><\/p>\n\n\n\n<p class=\"has-medium-font-size\"><strong>Erlebe eine Nacht voller Nostalgie, Tanz und bunter \u00dcberraschungen.Ob Funk, Pop oder NDW \u2013 wir feiern die Kultklassiker, die Generationen bewegt haben.Sei dabei, wenn das Caf\u00e9 248 zur Retro-Disko wird!<\/strong><\/p>\n\n\n\n<figure class=\"wp-block-image size-large is-resized\"><img loading=\"lazy\" decoding=\"async\" width=\"724\" height=\"1024\" src=\"https:\/\/www.cafe248.de\/wp-content\/uploads\/2026\/01\/70er80er-Party-2026-724x1024.jpg\" alt=\"\" class=\"wp-image-769\" style=\"aspect-ratio:0.7070300950264793;width:377px;height:auto\" srcset=\"https:\/\/www.cafe248.de\/wp-content\/uploads\/2026\/01\/70er80er-Party-2026-724x1024.jpg 724w, https:\/\/www.cafe248.de\/wp-content\/uploads\/2026\/01\/70er80er-Party-2026-212x300.jpg 212w, https:\/\/www.cafe248.de\/wp-content\/uploads\/2026\/01\/70er80er-Party-2026-768x1086.jpg 768w, https:\/\/www.cafe248.de\/wp-content\/uploads\/2026\/01\/70er80er-Party-2026-1086x1536.jpg 1086w, https:\/\/www.cafe248.de\/wp-content\/uploads\/2026\/01\/70er80er-Party-2026.jpg 1240w\" sizes=\"auto, (max-width: 724px) 100vw, 724px\" \/><\/figure>\n\n\n\n<hr class=\"wp-block-separator has-alpha-channel-opacity is-style-wide\"\/>\n\n\n\n<p class=\"has-large-font-size\"><strong>Frohe Weihnachten<\/strong><\/p>\n\n\n\n<p><strong>Frohe Weihnachten. M\u00f6gen die Feiertage Ruhe, Freude und W\u00e4rme bringen. F\u00fcr das neue Jahr w\u00fcnsche wir Gesundheit, Erfolg und viele sch\u00f6ne Augenblicke. Auf ein gutes 2025. Familie Werner und Team<\/strong><\/p>\n\n\n\n<hr class=\"wp-block-separator has-alpha-channel-opacity\"\/>\n\n\n\n<p class=\"has-large-font-size\"><strong>Silvester Gala<\/strong><\/p>\n\n\n\n<figure class=\"wp-block-image size-large is-resized\"><img loading=\"lazy\" decoding=\"async\" width=\"724\" height=\"1024\" src=\"https:\/\/www.cafe248.de\/wp-content\/uploads\/2025\/11\/Silvester-2025-724x1024.jpg\" alt=\"\" class=\"wp-image-760\" style=\"width:385px;height:auto\" srcset=\"https:\/\/www.cafe248.de\/wp-content\/uploads\/2025\/11\/Silvester-2025-724x1024.jpg 724w, https:\/\/www.cafe248.de\/wp-content\/uploads\/2025\/11\/Silvester-2025-212x300.jpg 212w, https:\/\/www.cafe248.de\/wp-content\/uploads\/2025\/11\/Silvester-2025-768x1086.jpg 768w, https:\/\/www.cafe248.de\/wp-content\/uploads\/2025\/11\/Silvester-2025-1086x1536.jpg 1086w, https:\/\/www.cafe248.de\/wp-content\/uploads\/2025\/11\/Silvester-2025.jpg 1240w\" sizes=\"auto, (max-width: 724px) 100vw, 724px\" \/><\/figure>\n\n\n\n<hr class=\"wp-block-separator has-alpha-channel-opacity\"\/>\n\n\n\n<p class=\"has-large-font-size\"><strong>Braunkohl Essen<\/strong><\/p>\n\n\n\n<figure class=\"wp-block-image size-full is-resized\"><img loading=\"lazy\" decoding=\"async\" width=\"737\" height=\"901\" src=\"https:\/\/www.cafe248.de\/wp-content\/uploads\/2025\/10\/Braunkohl-2025.jpg\" alt=\"\" class=\"wp-image-756\" style=\"width:450px\" srcset=\"https:\/\/www.cafe248.de\/wp-content\/uploads\/2025\/10\/Braunkohl-2025.jpg 737w, https:\/\/www.cafe248.de\/wp-content\/uploads\/2025\/10\/Braunkohl-2025-245x300.jpg 245w\" sizes=\"auto, (max-width: 737px) 100vw, 737px\" \/><\/figure>\n\n\n\n<hr class=\"wp-block-separator has-alpha-channel-opacity\"\/>\n\n\n\n<p class=\"has-large-font-size\"><strong>Andrzejki<\/strong><\/p>\n\n\n\n<figure class=\"wp-block-image size-full is-resized\"><img loading=\"lazy\" decoding=\"async\" width=\"298\" height=\"420\" src=\"https:\/\/www.cafe248.de\/wp-content\/uploads\/2025\/09\/andrzejki-2025.jpg\" alt=\"\" class=\"wp-image-752\" style=\"width:380px\" srcset=\"https:\/\/www.cafe248.de\/wp-content\/uploads\/2025\/09\/andrzejki-2025.jpg 298w, https:\/\/www.cafe248.de\/wp-content\/uploads\/2025\/09\/andrzejki-2025-213x300.jpg 213w\" sizes=\"auto, (max-width: 298px) 100vw, 298px\" \/><\/figure>\n\n\n\n<hr class=\"wp-block-separator has-alpha-channel-opacity\"\/>\n\n\n\n<p class=\"has-large-font-size\"><strong>Oktoberfest<\/strong><\/p>\n\n\n\n<p class=\"has-medium-font-size\"><strong>Es ist bald wieder soweit. Am Donnerstag den 02.10.2025 startet um 19.00 Uhr unser Oktoberfest.<\/strong><img loading=\"lazy\" decoding=\"async\" height=\"16\" width=\"16\" src=\"https:\/\/static.xx.fbcdn.net\/images\/emoji.php\/v9\/t96\/1\/16\/1f37b.png\" alt=\"\ud83c\udf7b\"><img loading=\"lazy\" decoding=\"async\" height=\"16\" width=\"16\" src=\"https:\/\/static.xx.fbcdn.net\/images\/emoji.php\/v9\/t96\/1\/16\/1f37b.png\" alt=\"\ud83c\udf7b\"> <strong>Im Eintritt enthalten ist wieder unser leckeres Essen.<\/strong> <img loading=\"lazy\" decoding=\"async\" height=\"16\" width=\"16\" src=\"https:\/\/static.xx.fbcdn.net\/images\/emoji.php\/v9\/t2c\/1\/16\/1f356.png\" alt=\"\ud83c\udf56\"><img loading=\"lazy\" decoding=\"async\" height=\"16\" width=\"16\" src=\"https:\/\/static.xx.fbcdn.net\/images\/emoji.php\/v9\/t53\/1\/16\/1f968.png\" alt=\"\ud83e\udd68\"> <strong>Eintrittspreis 25,- Euro pro Person. Karten sind noch verf\u00fcgbar. Wir freuen uns auf alle die kommen. <img loading=\"lazy\" decoding=\"async\" height=\"16\" width=\"16\" src=\"https:\/\/static.xx.fbcdn.net\/images\/emoji.php\/v9\/tce\/1\/16\/1f600.png\" alt=\"\ud83d\ude00\"><\/strong><\/p>\n\n\n\n<p class=\"has-medium-font-size\"><strong>Euer Team vom Caf\u00e9 248<\/strong><\/p>\n\n\n\n<hr class=\"wp-block-separator has-alpha-channel-opacity\"\/>\n\n\n\n<p class=\"has-large-font-size\"><strong>Betriebsferien<\/strong><\/p>\n\n\n\n<p class=\"has-medium-font-size\"><strong>Das Cafe 248 und das Haxen Taxi sind vom 09.08 bis zum 01.09. geschlossen.  Ab Dienstag den 02.09 sind wir wieder f\u00fcr Sie da. <\/strong><\/p>\n\n\n\n<p class=\"has-medium-font-size\"><\/p>\n\n\n\n<p class=\"has-large-font-size\"><strong>Tanz in Mai<\/strong><\/p>\n\n\n\n<p class=\"has-medium-font-size\"><strong>Am Mittwoch den 30.04.25 feier wir wieder  &#8222;Tanz in den Mai&#8220; die Karten gibt es ab dem 25.02. nur im Vorverkauf f\u00fcr 25 \u20ac Pro Karte Essen Inklusive. Einlass wie immer um 19.00 Uhr Essen ab ca. 20.00 Uhr. Karten k\u00f6nnen zu unseren \u00d6ffnungszeiten im Cafe abgeholt werden. Wir freuen uns auf euch!<\/strong><\/p>\n\n\n\n<hr class=\"wp-block-separator has-alpha-channel-opacity\"\/>\n\n\n\n<p class=\"has-large-font-size\"><strong>Neue Speisekarte Haxen Taxi<\/strong><\/p>\n\n\n\n<p class=\"has-black-color has-text-color has-link-color has-medium-font-size wp-elements-ad9fdda6836441bc28460ab363f55cb0\"><strong>Ab Dienstag den 21. Januar gilt unsere neue Speisekarte alle alten Karten verlieren damit Ihre G\u00fcltigkeit.<\/strong> <strong>Die neue Karte finden Sie<\/strong> <a href=\"https:\/\/www.cafe248.de\/?wpdmpro=haxen-taxi-speiskarte-2025\"><strong>-hier klicken-<\/strong><\/a> <\/p>\n\n\n\n<hr class=\"wp-block-separator has-alpha-channel-opacity\"\/>\n\n\n\n<p class=\"has-large-font-size\"><strong><em>Braunkohlessen &#8222;satt&#8220;<\/em><\/strong><\/p>\n\n\n\n<p class=\"has-medium-font-size\"><strong>Am Samstag 01. Februar ab 12.00 Uhr gibt es nach dem tollen Erfolg im November noch mal ein Braunkohlessen &#8222;satt&#8220;.  Nur auf Anmeldung unter 05341\/24844. Pro Person 20.00 \u20ac<\/strong>. <strong>Wir freuen uns auf Ihren Besuch.<\/strong><\/p>\n\n\n\n<hr class=\"wp-block-separator has-alpha-channel-opacity\"\/>\n\n\n\n<p class=\"has-large-font-size\"><strong>70er &amp; 80er Party<\/strong><\/p>\n\n\n\n<p class=\"has-medium-font-size\"><strong>Am Samstag 01. M\u00e4rz feiern wir wieder die Musik der 70er und 80er Jahre. Los geht es ab 20.00 Uhr. Karten gibt es nur im Vorverkauf f\u00fcr  10 \u20ac pro Person und sind ab sofort Verf\u00fcgbar. Tel: 05341\/24844.<\/strong><\/p>\n\n\n\n<hr class=\"wp-block-separator has-alpha-channel-opacity\"\/>\n\n\n\n<p class=\"has-large-font-size\"><strong>45 Jahre Gastlichkeit bei Familie Werner in Salzgitter Immendorf<\/strong><\/p>\n\n\n\n<p class=\"has-medium-font-size\"><strong>Wir laden Sie am Samstag den 02. November und den 12. November <br>ab 12.00 Uhr zum Braunkohlessen \u201cSatt\u201d<br>mit allen drum und dran in das Cafe 248 ein.<\/strong><\/p>\n\n\n\n<p class=\"has-medium-font-size\"><strong>Das Essen kostet 18 \u20ac pro Person und ist<br>nur mit Voranmeldung m\u00f6glich.<br>Reservierung unter 25795 oder 24844.                                                                         Den Flyer finden sie unter  <a href=\"https:\/\/www.cafe248.de\/?p=237\" data-type=\"link\" data-id=\"https:\/\/www.cafe248.de\/?p=237\"><mark style=\"background-color:rgba(0, 0, 0, 0)\" class=\"has-inline-color has-vivid-red-color\">-hier klicken-<\/mark><\/a><br>Wir freuen uns auf Ihren Besuch.<\/strong><\/p>\n\n\n\n<p class=\"has-large-font-size\"><\/p>\n\n\n\n<p class=\"has-medium-font-size\"><\/p>\n","protected":false},"excerpt":{"rendered":"<p>Tanz in den Mai Der Mai kommt \u2013 und wir tanzen ihm entgegen! Am 30. April steigt im Caf\u00e9 248 unser beliebter \u201eTanz in den Mai\u201c. Erst lecker essen, dann gemeinsam feiern \u2013 genau so, wie es sein soll.Start 19 Uhr \u2013 Essen 20 Uhr \u2013 27 \u20ac inkl. EssenKarten gibt\u2019s nur im Vorverkauf: SZ &hellip; <\/p>\n<p class=\"link-more\"><a href=\"https:\/\/www.cafe248.de\/\" class=\"more-link\"><span class=\"screen-reader-text\">\u201eNeuigkeiten\u201c <\/span>weiterlesen<\/a><\/p>\n","protected":false},"author":1,"featured_media":0,"parent":0,"menu_order":0,"comment_status":"closed","ping_status":"closed","template":"","meta":{"footnotes":""},"class_list":["post-38","page","type-page","status-publish","hentry"],"_links":{"self":[{"href":"https:\/\/www.cafe248.de\/index.php?rest_route=\/wp\/v2\/pages\/38","targetHints":{"allow":["GET"]}}],"collection":[{"href":"https:\/\/www.cafe248.de\/index.php?rest_route=\/wp\/v2\/pages"}],"about":[{"href":"https:\/\/www.cafe248.de\/index.php?rest_route=\/wp\/v2\/types\/page"}],"author":[{"embeddable":true,"href":"https:\/\/www.cafe248.de\/index.php?rest_route=\/wp\/v2\/users\/1"}],"replies":[{"embeddable":true,"href":"https:\/\/www.cafe248.de\/index.php?rest_route=%2Fwp%2Fv2%2Fcomments&post=38"}],"version-history":[{"count":85,"href":"https:\/\/www.cafe248.de\/index.php?rest_route=\/wp\/v2\/pages\/38\/revisions"}],"predecessor-version":[{"id":779,"href":"https:\/\/www.cafe248.de\/index.php?rest_route=\/wp\/v2\/pages\/38\/revisions\/779"}],"wp:attachment":[{"href":"https:\/\/www.cafe248.de\/index.php?rest_route=%2Fwp%2Fv2%2Fmedia&parent=38"}],"curies":[{"name":"wp","href":"https:\/\/api.w.org\/{rel}","templated":true}]}}