{"id":347,"date":"2019-12-16T00:38:06","date_gmt":"2019-12-15T23:38:06","guid":{"rendered":"https:\/\/www.cafe248.de\/?page_id=347"},"modified":"2020-03-30T12:46:53","modified_gmt":"2020-03-30T10:46:53","slug":"347-2","status":"publish","type":"page","link":"https:\/\/www.cafe248.de\/?page_id=347","title":{"rendered":"Datenschutzerkl\u00e4rung"},"content":{"rendered":"\n<p><strong>Datenschutzerkl\u00e4rung<\/strong><\/p>\n\n\n\n<p><strong>Allgemeiner Hinweis und Pflichtinformationen<\/strong><\/p>\n\n\n\n<p><strong>Benennung der verantwortlichen Stelle<\/strong><\/p>\n\n\n\n<p>Die verantwortliche Stelle f\u00fcr die Datenverarbeitung auf dieser Website ist:<\/p>\n\n\n\n<p>Cafe 248<br>Stephan Werner<br>Seesener Str. 21<br>38239 Salzgitter\/Immendorf<\/p>\n\n\n\n<p>Die verantwortliche Stelle entscheidet allein oder gemeinsam mit \nanderen \u00fcber die Zwecke und Mittel der Verarbeitung von \npersonenbezogenen Daten (z.B. Namen, Kontaktdaten o. \u00c4.).<\/p>\n\n\n\n<p><strong>Widerruf Ihrer Einwilligung zur Datenverarbeitung<\/strong><\/p>\n\n\n\n<p>Nur mit Ihrer ausdr\u00fccklichen Einwilligung sind einige Vorg\u00e4nge der \nDatenverarbeitung m\u00f6glich. Ein Widerruf Ihrer bereits erteilten \nEinwilligung ist jederzeit m\u00f6glich. F\u00fcr den Widerruf gen\u00fcgt eine \nformlose Mitteilung per E-Mail. Die Rechtm\u00e4\u00dfigkeit der bis zum Widerruf \nerfolgten Datenverarbeitung bleibt vom Widerruf unber\u00fchrt.<\/p>\n\n\n\n<p><strong>Recht auf Beschwerde bei der zust\u00e4ndigen Aufsichtsbeh\u00f6rde<\/strong><\/p>\n\n\n\n<p>Als Betroffener steht Ihnen im Falle eines datenschutzrechtlichen \nVersto\u00dfes ein Beschwerderecht bei der zust\u00e4ndigen Aufsichtsbeh\u00f6rde zu. \nZust\u00e4ndige Aufsichtsbeh\u00f6rde bez\u00fcglich datenschutzrechtlicher Fragen ist \nder Landesdatenschutzbeauftragte des Bundeslandes, in dem sich der Sitz \nunseres Unternehmens befindet. Der folgende Link stellt eine Liste der \nDatenschutzbeauftragten sowie deren Kontaktdaten bereit: <a href=\"https:\/\/www.bfdi.bund.de\/DE\/Infothek\/Anschriften_Links\/anschriften_links-node.html\" target=\"_blank\" rel=\"noreferrer noopener\">https:\/\/www.bfdi.bund.de\/DE\/Infothek\/Anschriften_Links\/anschriften_links-node.html<\/a>.<\/p>\n\n\n\n<p><strong>Recht auf Daten\u00fcbertragbarkeit<\/strong><\/p>\n\n\n\n<p>Ihnen steht das Recht zu, Daten, die wir auf Grundlage Ihrer \nEinwilligung oder in Erf\u00fcllung eines Vertrags automatisiert verarbeiten,\n an sich oder an Dritte aush\u00e4ndigen zu lassen. Die Bereitstellung \nerfolgt in einem maschinenlesbaren Format. Sofern Sie die direkte \n\u00dcbertragung der Daten an einen anderen Verantwortlichen verlangen, \nerfolgt dies nur, soweit es technisch machbar ist.<\/p>\n\n\n\n<p><strong>Recht auf Auskunft, Berichtigung, Sperrung, L\u00f6schung<\/strong><\/p>\n\n\n\n<p>Sie haben jederzeit im Rahmen der geltenden gesetzlichen Bestimmungen\n das Recht auf unentgeltliche Auskunft \u00fcber Ihre gespeicherten \npersonenbezogenen Daten, Herkunft der Daten, deren Empf\u00e4nger und den \nZweck der Datenverarbeitung und ggf. ein Recht auf Berichtigung, \nSperrung oder L\u00f6schung dieser Daten. Diesbez\u00fcglich und auch zu weiteren \nFragen zum Thema personenbezogene Daten k\u00f6nnen Sie sich jederzeit \u00fcber \ndie im Impressum aufgef\u00fchrten Kontaktm\u00f6glichkeiten an uns wenden.<\/p>\n\n\n\n<p><strong>SSL- bzw. TLS-Verschl\u00fcsselung<\/strong><\/p>\n\n\n\n<p>Aus Sicherheitsgr\u00fcnden und zum Schutz der \u00dcbertragung vertraulicher \nInhalte, die Sie an uns als Seitenbetreiber senden, nutzt unsere Website\n eine SSL-bzw. TLS-Verschl\u00fcsselung. Damit sind Daten, die Sie \u00fcber diese\n Website \u00fcbermitteln, f\u00fcr Dritte nicht mitlesbar. Sie erkennen eine \nverschl\u00fcsselte Verbindung an der \u201ehttps:\/\/\u201c Adresszeile Ihres Browsers \nund am Schloss-Symbol in der Browserzeile.<\/p>\n\n\n\n<p><strong>Server-Log-Dateien<\/strong><\/p>\n\n\n\n<p>In Server-Log-Dateien erhebt und speichert der Provider der Website \nautomatisch Informationen, die Ihr Browser automatisch an uns \n\u00fcbermittelt. Dies sind:<\/p>\n\n\n\n<ul class=\"wp-block-list\"><li>Besuchte Seite auf unserer Domain<\/li><li>Datum und Uhrzeit der Serveranfrage<\/li><li>Browsertyp und Browserversion<\/li><li>Verwendetes Betriebssystem<\/li><li>Referrer URL<\/li><li>Hostname des zugreifenden Rechners<\/li><li>IP-Adresse<\/li><\/ul>\n\n\n\n<p>Es findet keine Zusammenf\u00fchrung dieser Daten mit anderen Datenquellen\n statt. Grundlage der Datenverarbeitung bildet Art. 6 Abs. 1 lit. b \nDSGVO, der die Verarbeitung von Daten zur Erf\u00fcllung eines Vertrags oder \nvorvertraglicher Ma\u00dfnahmen gestattet.<\/p>\n\n\n\n<p><strong>Kontaktformular<\/strong><\/p>\n\n\n\n<p>Per Kontaktformular \u00fcbermittelte Daten werden einschlie\u00dflich Ihrer \nKontaktdaten gespeichert, um Ihre Anfrage bearbeiten zu k\u00f6nnen oder um \nf\u00fcr Anschlussfragen bereitzustehen. Eine Weitergabe dieser Daten findet \nohne Ihre Einwilligung nicht statt.<\/p>\n\n\n\n<p>Die Verarbeitung der in das Kontaktformular eingegebenen Daten \nerfolgt ausschlie\u00dflich auf Grundlage Ihrer Einwilligung (Art. 6 Abs. 1 \nlit. a DSGVO). Ein Widerruf Ihrer bereits erteilten Einwilligung ist \njederzeit m\u00f6glich. F\u00fcr den Widerruf gen\u00fcgt eine formlose Mitteilung per \nE-Mail. Die Rechtm\u00e4\u00dfigkeit der bis zum Widerruf erfolgten \nDatenverarbeitungsvorg\u00e4nge bleibt vom Widerruf unber\u00fchrt.<\/p>\n\n\n\n<p>\u00dcber das Kontaktformular \u00fcbermittelte Daten verbleiben bei uns, bis \nSie uns zur L\u00f6schung auffordern, Ihre Einwilligung zur Speicherung \nwiderrufen oder keine Notwendigkeit der Datenspeicherung mehr besteht. \nZwingende gesetzliche Bestimmungen &#8211; insbesondere Aufbewahrungsfristen &#8211;\n bleiben unber\u00fchrt.<\/p>\n\n\n\n<p><strong>Cookies<\/strong><\/p>\n\n\n\n<p>Unsere Website verwendet Cookies. Das sind kleine Textdateien, die \nIhr Webbrowser auf Ihrem Endger\u00e4t speichert. Cookies helfen uns dabei, \nunser Angebot nutzerfreundlicher, effektiver und sicherer zu machen. <\/p>\n\n\n\n<p>Einige Cookies sind \u201cSession-Cookies.\u201d Solche Cookies werden nach \nEnde Ihrer Browser-Sitzung von selbst gel\u00f6scht. Hingegen bleiben andere \nCookies auf Ihrem Endger\u00e4t bestehen, bis Sie diese selbst l\u00f6schen. \nSolche Cookies helfen uns, Sie bei R\u00fcckkehr auf\n\tunserer Website wiederzuerkennen.<\/p>\n\n\n\n<p>Mit einem modernen Webbrowser k\u00f6nnen Sie das Setzen von Cookies \n\u00fcberwachen, einschr\u00e4nken oder unterbinden. Viele Webbrowser lassen sich \nso konfigurieren, dass Cookies mit dem Schlie\u00dfen des Programms von \nselbst gel\u00f6scht werden. Die Deaktivierung von Cookies\n\tkann eine eingeschr\u00e4nkte Funktionalit\u00e4t unserer Website zur Folge \nhaben.<\/p>\n\n\n\n<p>Das Setzen von Cookies, die zur Aus\u00fcbung elektronischer \nKommunikationsvorg\u00e4nge oder der Bereitstellung bestimmter, von Ihnen \nerw\u00fcnschter Funktionen (z.B. Warenkorb) notwendig sind, erfolgt auf \nGrundlage von Art. 6 Abs. 1 lit. f DSGVO. Als Betreiber dieser\n\tWebsite haben wir ein berechtigtes Interesse an der Speicherung von \nCookies zur technisch fehlerfreien und reibungslosen Bereitstellung \nunserer Dienste. Sofern die Setzung anderer Cookies (z.B. f\u00fcr \nAnalyse-Funktionen) erfolgt, werden diese in dieser\n\tDatenschutzerkl\u00e4rung separat behandelt.<\/p>\n\n\n\n<p>Quelle: Datenschutz-Konfigurator von <a href=\"http:\/\/www.mein-datenschutzbeauftragter.de\" target=\"_blank\" rel=\"noreferrer noopener\">mein-datenschutzbeauftragter.de<\/a><\/p>\n","protected":false},"excerpt":{"rendered":"<p>Datenschutzerkl\u00e4rung Allgemeiner Hinweis und Pflichtinformationen Benennung der verantwortlichen Stelle Die verantwortliche Stelle f\u00fcr die Datenverarbeitung auf dieser Website ist: Cafe 248Stephan WernerSeesener Str. 2138239 Salzgitter\/Immendorf Die verantwortliche Stelle entscheidet allein oder gemeinsam mit anderen \u00fcber die Zwecke und Mittel der Verarbeitung von personenbezogenen Daten (z.B. Namen, Kontaktdaten o. \u00c4.). Widerruf Ihrer Einwilligung zur Datenverarbeitung Nur &hellip; <\/p>\n<p class=\"link-more\"><a href=\"https:\/\/www.cafe248.de\/?page_id=347\" class=\"more-link\"><span class=\"screen-reader-text\">\u201eDatenschutzerkl\u00e4rung\u201c <\/span>weiterlesen<\/a><\/p>\n","protected":false},"author":1,"featured_media":0,"parent":0,"menu_order":0,"comment_status":"closed","ping_status":"closed","template":"","meta":{"footnotes":""},"class_list":["post-347","page","type-page","status-publish","hentry"],"_links":{"self":[{"href":"https:\/\/www.cafe248.de\/index.php?rest_route=\/wp\/v2\/pages\/347","targetHints":{"allow":["GET"]}}],"collection":[{"href":"https:\/\/www.cafe248.de\/index.php?rest_route=\/wp\/v2\/pages"}],"about":[{"href":"https:\/\/www.cafe248.de\/index.php?rest_route=\/wp\/v2\/types\/page"}],"author":[{"embeddable":true,"href":"https:\/\/www.cafe248.de\/index.php?rest_route=\/wp\/v2\/users\/1"}],"replies":[{"embeddable":true,"href":"https:\/\/www.cafe248.de\/index.php?rest_route=%2Fwp%2Fv2%2Fcomments&post=347"}],"version-history":[{"count":5,"href":"https:\/\/www.cafe248.de\/index.php?rest_route=\/wp\/v2\/pages\/347\/revisions"}],"predecessor-version":[{"id":422,"href":"https:\/\/www.cafe248.de\/index.php?rest_route=\/wp\/v2\/pages\/347\/revisions\/422"}],"wp:attachment":[{"href":"https:\/\/www.cafe248.de\/index.php?rest_route=%2Fwp%2Fv2%2Fmedia&parent=347"}],"curies":[{"name":"wp","href":"https:\/\/api.w.org\/{rel}","templated":true}]}}